{"id":203,"date":"2013-02-04T08:09:14","date_gmt":"2013-02-04T06:09:14","guid":{"rendered":"http:\/\/diedrich-online.de\/blog\/?page_id=203"},"modified":"2025-12-09T16:05:17","modified_gmt":"2025-12-09T15:05:17","slug":"home","status":"publish","type":"page","link":"https:\/\/diedrich-online.de\/blog\/home\/","title":{"rendered":"Home &#8211; meine Perspektiven im Instrumentalunterricht"},"content":{"rendered":"<p><a href=\"https:\/\/diedrich-online.de\/blog\/wp-content\/uploads\/2023\/08\/DSCF3823-Auswahl.jpg\"><img loading=\"lazy\" decoding=\"async\" class=\"alignleft size-medium wp-image-680\" src=\"https:\/\/diedrich-online.de\/blog\/wp-content\/uploads\/2023\/08\/DSCF3823-Auswahl-200x300.jpg\" alt=\"\" width=\"200\" height=\"300\" srcset=\"https:\/\/diedrich-online.de\/blog\/wp-content\/uploads\/2023\/08\/DSCF3823-Auswahl-200x300.jpg 200w, https:\/\/diedrich-online.de\/blog\/wp-content\/uploads\/2023\/08\/DSCF3823-Auswahl-683x1024.jpg 683w, https:\/\/diedrich-online.de\/blog\/wp-content\/uploads\/2023\/08\/DSCF3823-Auswahl-768x1152.jpg 768w, https:\/\/diedrich-online.de\/blog\/wp-content\/uploads\/2023\/08\/DSCF3823-Auswahl-1024x1536.jpg 1024w, https:\/\/diedrich-online.de\/blog\/wp-content\/uploads\/2023\/08\/DSCF3823-Auswahl.jpg 1052w\" sizes=\"auto, (max-width: 200px) 100vw, 200px\" \/><\/a><\/p>\n<p style=\"text-align: left;\"><span style=\"font-size: 16px;\">\u00a0<\/span><\/p>\n<p style=\"text-align: left;\">\u201cWer nicht neugierig ist, erf\u00e4hrt nichts.\u201d (Johann Wolfgang von Goethe) &#8211; Neugier. Gierig auf das Neue, auf das Andere. Das ist nie weniger geworden. Mit jeder beantworteten Frage tauchen ja zehn neue auf.<\/p>\n<p><a href=\"https:\/\/youtu.be\/5Xl3glRlrUI\">https:\/\/youtu.be\/5Xl3glRlrUI<\/a><\/p>\n<p style=\"text-align: left;\">Die Neugierde war und ist f\u00fcr mich der Antrieb als Musikp\u00e4dagoge, Musiker und Autor. Ich m\u00f6chte durch die Auseinandersetzung mit musikalischen und p\u00e4dagogischen Details das Ganze verstehen und\u00a0 vermitteln.<\/p>\n<p><a href=\"https:\/\/youtu.be\/W2BHo2dRuq8?si=shET34i4pRm9sfny\">https:\/\/youtu.be\/W2BHo2dRuq8?si=shET34i4pRm9sfny<\/a><\/p>\n<p style=\"text-align: left;\">F\u00fcr mich ist dieser Beruf immer mein Traumberuf gewesen. Dadurch konnte ich mit zumeist jungen, jung gebliebenen\u00a0 und sehr jungen Menschen zu tun haben, die sich mit etwas sehr Wertvollem und Sch\u00f6nem besch\u00e4ftigen, mit Musik und dem aktiven Musizieren. Die h\u00e4ufig erlebte Trennung zwischen Leben und Arbeitsleben entf\u00e4llt, es gibt keine Entfremdung von der Arbeit. Zumal es um ein \u00e4u\u00dferst vielf\u00e4ltiges T\u00e4tigkeitsfeld geht.<\/p>\n<p><a href=\"https:\/\/youtu.be\/CscGrJIGduQ\">https:\/\/youtu.be\/CscGrJIGduQ<\/a><\/p>\n<p style=\"text-align: left;\">Ich unterrichte Kinder, Jugendliche und Erwachsene im Einzel-, Gruppen- oder Klassenunterricht. Das vielf\u00e4ltige Spektrum von pers\u00f6nlichen Voraussetzungen der Sch\u00fclerinnen und Sch\u00fcler, deren Begabungen, musikalische und motorische Fertigkeiten, Temperamente, Vorerfahrungen und Ziele, stellt eine Herausforderung dar, die bis heute\u00a0 meine kreative didaktische und methodische Kompetenz\u00a0 erweitert hat.<\/p>\n<p><a href=\"https:\/\/youtu.be\/h_YMnYKdrH0\">https:\/\/youtu.be\/h_YMnYKdrH0<\/a><\/p>\n<p style=\"text-align: left;\">\u201cGitarre spielen im Unterricht\u201d f\u00fchrt zu Engagement, Leichtigkeit und Freude. Die daraus folgende Anerkennung und die Erfolgserlebnisse k\u00f6nnen langfristig vor Berufsm\u00fcdigkeit, erstarrter Routine, Frustrationen und Burnout sch\u00fctzen.<\/p>\n<p><a href=\"https:\/\/youtu.be\/lBTWYwY-dvc\">https:\/\/youtu.be\/lBTWYwY-dvc<\/a><\/p>\n<p><a href=\"https:\/\/youtu.be\/3Zrfs5wiobk\">https:\/\/youtu.be\/3Zrfs5wiobk<\/a><\/p>\n<p>&nbsp;<\/p>\n<p>&nbsp;<\/p>\n","protected":false},"excerpt":{"rendered":"<p>\u00a0 \u201cWer nicht neugierig ist, erf\u00e4hrt nichts.\u201d (Johann Wolfgang von Goethe) &#8211; Neugier. Gierig auf das Neue, auf das Andere. Das ist nie weniger geworden. Mit jeder beantworteten Frage tauchen ja zehn neue auf. https:\/\/youtu.be\/5Xl3glRlrUI Die Neugierde war und ist f\u00fcr mich der Antrieb als Musikp\u00e4dagoge, Musiker und Autor. Ich m\u00f6chte durch die Auseinandersetzung mit [&hellip;]<\/p>\n","protected":false},"author":35,"featured_media":0,"parent":0,"menu_order":0,"comment_status":"open","ping_status":"closed","template":"","meta":{"footnotes":""},"class_list":["post-203","page","type-page","status-publish","hentry"],"_links":{"self":[{"href":"https:\/\/diedrich-online.de\/blog\/wp-json\/wp\/v2\/pages\/203","targetHints":{"allow":["GET"]}}],"collection":[{"href":"https:\/\/diedrich-online.de\/blog\/wp-json\/wp\/v2\/pages"}],"about":[{"href":"https:\/\/diedrich-online.de\/blog\/wp-json\/wp\/v2\/types\/page"}],"author":[{"embeddable":true,"href":"https:\/\/diedrich-online.de\/blog\/wp-json\/wp\/v2\/users\/35"}],"replies":[{"embeddable":true,"href":"https:\/\/diedrich-online.de\/blog\/wp-json\/wp\/v2\/comments?post=203"}],"version-history":[{"count":61,"href":"https:\/\/diedrich-online.de\/blog\/wp-json\/wp\/v2\/pages\/203\/revisions"}],"predecessor-version":[{"id":720,"href":"https:\/\/diedrich-online.de\/blog\/wp-json\/wp\/v2\/pages\/203\/revisions\/720"}],"wp:attachment":[{"href":"https:\/\/diedrich-online.de\/blog\/wp-json\/wp\/v2\/media?parent=203"}],"curies":[{"name":"wp","href":"https:\/\/api.w.org\/{rel}","templated":true}]}}